{"id":2900,"date":"2023-03-15T11:23:38","date_gmt":"2023-03-15T10:23:38","guid":{"rendered":"https:\/\/www.tierfreunde-flaeming.de\/?page_id=2900"},"modified":"2023-03-15T11:32:33","modified_gmt":"2023-03-15T10:32:33","slug":"taetigkeitsbericht-2020","status":"publish","type":"page","link":"https:\/\/www.tierfreunde-flaeming.de\/?page_id=2900","title":{"rendered":"T\u00e4tigkeitsbericht 2020"},"content":{"rendered":"<div id=\"wppb-builder-container\" class=\"wppb-builder-container\">                <div  class=\"wppb-row-parent  wppb-row-1678874944949 \"  >\n\t\t\t\t\t\n\t\t\t\t\t\t\t\t\t\t\n\t\t\t\t\t\t\t\t\t\t\n\t\t\t\t\t<div class=\"wppb-container \">\n\t\t\t\t\t\t\t\t\t\t\t\t\t\n                        <div class=\"wppb-row\">\n\t\t\t\t\t\t\t                                    <div  class=\"wppb-column-parent wppb-column-parent-view wppb-col-1678874944948  \"  >\n                                        <div class=\"wppb-column\">\n\t\t\t\t\t\n\t\t\t\t\t\t\t\t\t\t\t\n                                            <div class=\"wppb-builder-addons\">\n\t\t\t\t\t\t\t\t\t\t\t\t<div class='wppb-builder-addon wppb-addon-1678875495944'  data-addon-id='1678875495944'><div class='wppb-addon'><div class=\"wppb-text-block-addon\"><div class=\"wppb-text-block-content 0\"><p><span style=\"font-size: 36pt;\">T\u00e4tigkeitsbericht 2021<\/span><\/p><\/div><\/div><\/div><\/div>                                            <\/div>\n                                        <\/div>\n                                    <\/div>\n\t\t\t\t\t\t\t\t\t                        <\/div>\n\n                    <\/div>\n                <\/div>\n\t\t\t\t                <div  class=\"wppb-row-parent  wppb-row-1678874944858 \"  >\n\t\t\t\t\t\n\t\t\t\t\t\t\t\t\t\t\n\t\t\t\t\t\t\t\t\t\t\n\t\t\t\t\t<div class=\"wppb-container \">\n\t\t\t\t\t\t\t\t\t\t\t\t\t\n                        <div class=\"wppb-row\">\n\t\t\t\t\t\t\t                                    <div  class=\"wppb-column-parent wppb-column-parent-view wppb-col-1678874944859  \"  >\n                                        <div class=\"wppb-column\">\n\t\t\t\t\t\n\t\t\t\t\t\t\t\t\t\t\t\n                                            <div class=\"wppb-builder-addons\">\n\t\t\t\t\t\t\t\t\t\t\t\t<div class='wppb-builder-addon wppb-addon-1678874944860'  data-addon-id='1678874944860'><div class='wppb-addon'><div class=\"wppb-text-block-addon\"><\/div><\/div><\/div><div class='wppb-builder-addon wppb-addon-1678874944861'  data-addon-id='1678874944861'><div class='wppb-addon'><div class=\"wppb-text-block-addon\"><div class=\"wppb-text-block-content 0\"><p>Das Jahr 2020 ist vorbei und wir konnten trotz Corona-Pandemie unsere Arbeit, den Tieren zu helfen, ohne gro\u00dfe Einschr\u00e4nkungen durchf\u00fchren. Somit m\u00f6chten wir die Aktivit\u00e4ten der Tierfreunde im Fl\u00e4ming e.V. f\u00fcr das vergangene Jahr zusammenfassen.<\/p><p><strong>UNSERE TIERE<\/strong><\/p><p>Im vergangenen Jahr wurden folgende Tiere aufgenommen und versorgt:<\/p><p><strong>Katzen<\/strong><\/p><p>33 freilebende Katzen von div. Futterstellen wurden wegen Krankheiten bzw. Verletzungen tier\u00e4rztlich versorgt.<strong>\u00a0<\/strong><\/p><p>6 Abgabe- bzw. Fundtiere wurden tier\u00e4rztlich untersucht und behandelt, 4 Tiere konnten in liebevolle Familien vermittelt werden.<\/p><p>Bei einem Fundkaterchen namens Paul haben wir geholfen, ihn wieder in sein Zuhause zur\u00fcckzuf\u00fchren. Er war 7 Monate unterwegs und durch eine Verletzung stellte sich bei einem Tierarztbesuch heraus, dass er gechipt war. Liebe Menschen brachten uns Paul und baten uns, den Besitzer \u00fcber Tasso ausfindig zu machen. Diese Aufgabe haben wir gerne \u00fcbernommen.<\/p><p>Zum Jahresende wurde uns eine Katzendame in einem sehr schlechten Zustand gebracht, sie wurde tier\u00e4rztlich aufgenommen und versorgt, da sie gechipt war, konnte \u00fcber Umwegen und komplizierter Recherche, der Halter ermittelt werden. Nach einer Woche Aufenthalt und liebevolles P\u00e4ppeln wurde die kleine Dame zu ihrem Besitzer gebracht.<\/p><p>11 Katzen\/Kater wurden wegen Verletzungen oder Krankheiten bzw. im schlechten Zustand aufgenommen. 1 Katze ist noch in unserer Obhut, 2 Katzen und 2 Kater durften in ein neues Zuhause ziehen und 2 wilde Kater durften nach ihrer Genesung wieder in ihre geliebte Freiheit zur\u00fcck. 4 K\u00e4tzchen mussten leider eingeschl\u00e4fert werden.<\/p><p><strong>Katzen-Nachwuchs \u201eMutter und\/oder nur Kinder\u201c<\/strong><\/p><p>3 Mutterkatzen konnten ihre insgesamt 11 Kitten bei uns in Obhut zur Welt bringen und sie liebevoll versorgen. Leider waren 2 Kitten gleich nach der Geburt gestorben.<\/p><p>Weitere 30 Kitten von wilden freilebenden Katzen wurden eingefangen und auf unseren Pflegestellen untergebracht. 2 Kitten davon waren in einem sehr schlechten Zustand und sind leider verstorben.<\/p><p>Die M\u00fctter von den Kitten wurden eingefangen, kastriert sowie tier\u00e4rztlich versorgt und konnten in ihre gewohnte Umgebung zur\u00fcck, wo sie gut versorgt werden.<strong>\u00a0<\/strong><\/p><p><strong>Kleintiere<\/strong><\/p><p>1 Kaninchen wurde bei uns abgegeben, es wurde tier\u00e4rztlich versorgt und in gute H\u00e4nde vermittelt.<strong>\u00a0<\/strong><\/p><p><strong>Wildtiere<\/strong><\/p><p>2 Igel haben wir wegen schwerer Verletzungen aufgenommen. Sie wurden tier\u00e4rztlich behandelt und waren mehrere Tage bei uns in Obhut. Ein Igelchen kam auf einen Igelgnadenhof, das andere ist leider verstorben.<\/p><p>2 Bussarde wurden uns gebracht und konnten anhand ihrer schweren Verletzungen leider nur noch erl\u00f6st werden. Weitere Wildv\u00f6gel wurden Erstversorgt und dem Nabu \u00fcbergeben.<\/p><p>Mehrere Sporttauben, die durch Ersch\u00f6pfung oder Verletzung ihren Flug nach Hause nicht schafften, wurden tier\u00e4rztlich versorgt, die Halter informiert und schlussendlich einer Dame mit Herz \u00fcbergeben, da die Halter sie nicht abholen wollten, weil sie keine Verwendung mehr f\u00fcr sie hatten.<\/p><p>Es betr\u00fcbt uns sehr, dass Wildtiere immer \u00f6fter durch uns Menschen so schlimm verletzt werden und teilweise nicht mehr gerettet werden k\u00f6nnen.<br \/><br \/><\/p><p><strong>Hengst Remus, ein tolles Pferd,<\/strong><strong> f\u00fcr dem wir gek\u00e4mpft haben.<\/strong><\/p><p>Remus stand jahrelang vernachl\u00e4ssigt mit unversorgter Splitterbruchverletzung an der Fessel auf gro\u00dfen Weiden, alleine (weil Hengst) und unter Dauerschmerzen. Tierliebe Menschen wollten ihm zu einem schmerzfreien und besseren Leben verhelfen und baten uns um Hilfe.<br \/>Remus brauchte eine OP und ein neues Zuhause. Wir \u00fcbernahmen die Schirmherrschaft f\u00fcr die Spendenaktion, was eine gro\u00dfe Herausforderung war, es musste eine betr\u00e4chtliche Summe f\u00fcr die Operation zusammenkommen. Widererwarten hat unser Verein mit Hilfe vieler Spender (\u00fcber 100 Menschen haben gespendet), das Geld zusammen bekommen. Auch konnten wir \u00fcber unsere Kontakte zu Zeitungen und Internet. Remus zu einem neuen Zuhause verhelfen. Es war keine kleine Mamutaufgabe und viele liebe Menschen haben hier mitgewirkt. Danke sagen wir hier an alle, denn jeder hat sein Bestes gegeben. Auf unserer Homepage kann man seine ganze Geschichte lesen.<br \/><a href=\"https:\/\/www.tierfreunde-flaeming.de\/?page_id=2628\">Remus und seine Geschichte \u2013 Tierfreunde im Fl\u00e4ming e.V. (tierfreunde-flaeming.de)<\/a><\/p><p><strong>Vermittlungen<\/strong><\/p><p>\u00a0<\/p><p>39 Katzen wurden in ein sch\u00f6nes Zuhause vermittelt davon<\/p><p>35 Kitten<\/p><p>4 erwachsene Katzen<\/p><p><strong>Tierbestand zum 31.12.2020<\/strong><\/p><p>Zum Jahreswechsel befanden sich noch 7 Katzen in der Obhut der Tierfreunde im Fl\u00e4ming, darunter 5 Katzenkinder, und zwei erwachsene Katzen.<\/p><p><strong>Kastration von freilebenden Katzen<\/strong><\/p><p>2020 wurden 61 freilebende Katzen (29 Kater\/32 Katzen) in 20 Ortsteilen von Wiesenburg, Bad Belzig, Br\u00fcck und Niemegk eingefangen, kastriert sowie parasit\u00e4r behandelt und ggf. auch tier\u00e4rztlich versorgt.\u00a04 Katzen davon waren zug\u00e4nglich, sodass sie vermittelt werden konnten, die anderen wurden in ihrer gewohnten Umgebung wieder frei gelassen. Dort werden sie in unseren Futterstellen versorgt.<strong>\u00a0<\/strong><\/p><p><strong>Futterspenden<\/strong><\/p><p><strong>\u00a0<\/strong>Derzeit stellt unser Verein Futter f\u00fcr \u00fcber 100 freilebende Katzen auf 16 Futterstellen in Bad Belzig, Br\u00fcck und Wiesenburg sowie deren Ortsteile zur Verf\u00fcgung.<\/p><p>Von vielen lieben Menschen gab es hierf\u00fcr Futterspenden f\u00fcr die von uns betreuten Futterstellen.<\/p><p>Diese kommen von Privatpersonen, Vereinen sowie einer Stiftung. Daf\u00fcr sind wir sehr dankbar. Ohne diese Unterst\u00fctzung k\u00f6nnten wir die monatlichen Rationen f\u00fcr die ca. 100 Katzen nicht aufbringen.<\/p><p><strong>Geldspenden<\/strong><\/p><p>Auch Geldspenden von vielen lieben Menschen wurden uns auf das Vereinskonto \u00fcberwiesen. Diese Gelder werden f\u00fcr Aufwendungen wie Kastrationen und tier\u00e4rztliche Behandlungen von kranken und verletzten Tieren verwendet, sowie f\u00fcr die Behandlung der Muttertiere und der Katzenkinder, Impfung und Chippen inbegriffen.\u00a0 Auch hier gilt unser Dank an die zahlreichen Spender.<\/p><p><strong>Mitglieder<\/strong><\/p><p>Zum 31.12.2020 hatte unser Verein 26 Mitglieder zu verzeichnen.<\/p><p><strong>Ausblick<\/strong><\/p><p>Die Tierfreunde im Fl\u00e4ming e.V. sind ein kleiner Verein.<\/p><p>Die Aktivit\u00e4ten des Vereins werden von wenigen aktiven\u00a0Mitgliedern auf rein ehrenamtlicher Basis get\u00e4tigt, da wir viele \u00e4ltere Mitglieder haben.<\/p><p>Obwohl vieles geleistet und erreicht wird, sind unsere Kapazit\u00e4ten begrenzt. Um effektive Arbeit leisten zu k\u00f6nnen, m\u00fcssen sich die Aktivit\u00e4ten deshalb an den vorhandenen Mitteln orientieren.<\/p><p>Im Mittelpunkt steht f\u00fcr uns hierbei immer die Hilfe am Tier, welches in Not geraten ist.<\/p><p>Bez\u00fcglich der Kastration von freilebenden Katzen befinden wir uns f\u00fcr das Jahr 2021 bereits in den Vorbereitungen zu umfangreichen Kastrationsma\u00dfnahme in mehreren Ortsteilen in Bad Belzig, Wiesenburg, Br\u00fcck und Niemegk.<\/p><p>\u00dcber unsere Facebook-Seite werden wir auch weiterhin \u00fcber tierschutzrelevante Themen berichten und stehen Tierhaltern und Interessierten mit Rat und Tat zur Seite.<\/p><p>Vorstand der Tierfreunde im Fl\u00e4ming e. V.<\/p><\/div><\/div><\/div><\/div>                                            <\/div>\n                                        <\/div>\n                                    <\/div>\n\t\t\t\t\t\t\t\t\t                        <\/div>\n\n                    <\/div>\n                <\/div>\n\t\t\t\t<\/div>","protected":false},"excerpt":{"rendered":"<p>T\u00e4tigkeitsbericht 2021 Das Jahr 2020 ist vorbei und wir konnten trotz Corona-Pandemie unsere Arbeit, den Tieren zu helfen, ohne gro\u00dfe Einschr\u00e4nkungen durchf\u00fchren. Somit m\u00f6chten wir die Aktivit\u00e4ten der Tierfreunde im Fl\u00e4ming e.V. f\u00fcr das vergangene Jahr zusammenfassen.UNSERE TIEREIm vergangenen Jahr wurden folgende Tiere aufgenommen und versorgt:Katzen33 freilebende Katzen von div. Futterstellen wurden wegen Krankheiten bzw. [&hellip;]<\/p>\n","protected":false},"author":1,"featured_media":0,"parent":0,"menu_order":0,"comment_status":"closed","ping_status":"closed","template":"wppb_theme_template","meta":[],"_links":{"self":[{"href":"https:\/\/www.tierfreunde-flaeming.de\/index.php?rest_route=\/wp\/v2\/pages\/2900"}],"collection":[{"href":"https:\/\/www.tierfreunde-flaeming.de\/index.php?rest_route=\/wp\/v2\/pages"}],"about":[{"href":"https:\/\/www.tierfreunde-flaeming.de\/index.php?rest_route=\/wp\/v2\/types\/page"}],"author":[{"embeddable":true,"href":"https:\/\/www.tierfreunde-flaeming.de\/index.php?rest_route=\/wp\/v2\/users\/1"}],"replies":[{"embeddable":true,"href":"https:\/\/www.tierfreunde-flaeming.de\/index.php?rest_route=%2Fwp%2Fv2%2Fcomments&post=2900"}],"version-history":[{"count":2,"href":"https:\/\/www.tierfreunde-flaeming.de\/index.php?rest_route=\/wp\/v2\/pages\/2900\/revisions"}],"predecessor-version":[{"id":2902,"href":"https:\/\/www.tierfreunde-flaeming.de\/index.php?rest_route=\/wp\/v2\/pages\/2900\/revisions\/2902"}],"wp:attachment":[{"href":"https:\/\/www.tierfreunde-flaeming.de\/index.php?rest_route=%2Fwp%2Fv2%2Fmedia&parent=2900"}],"curies":[{"name":"wp","href":"https:\/\/api.w.org\/{rel}","templated":true}]}}