{"id":2130,"date":"2019-02-22T16:39:20","date_gmt":"2019-02-22T15:39:20","guid":{"rendered":"http:\/\/www.tierfreunde-flaeming.de\/?page_id=2130"},"modified":"2019-02-22T16:39:22","modified_gmt":"2019-02-22T15:39:22","slug":"partner","status":"publish","type":"page","link":"https:\/\/www.tierfreunde-flaeming.de\/?page_id=2130","title":{"rendered":"Partner"},"content":{"rendered":"<div id=\"wppb-builder-container\" class=\"wppb-builder-container\">                <div  class=\"wppb-row-parent  wppb-row-1550850942737 \"  >\n\t\t\t\t\t\n\t\t\t\t\t\t\t\t\t\t\n\t\t\t\t\t\t\t\t\t\t\n\t\t\t\t\t<div class=\"wppb-container \">\n\t\t\t\t\t\t\t\t\t\t\t\t\t\n                        <div class=\"wppb-row\">\n\t\t\t\t\t\t\t                                    <div  class=\"wppb-column-parent wppb-column-parent-view wppb-col-1550850942736  \"  >\n                                        <div class=\"wppb-column\">\n\t\t\t\t\t\n\t\t\t\t\t\t\t\t\t\t\t\n                                            <div class=\"wppb-builder-addons\">\n\t\t\t\t\t\t\t\t\t\t\t\t<div class='wppb-builder-addon wppb-addon-1550850975742'  data-addon-id='1550850975742'><div class='wppb-addon'><div class=\"wppb-text-block-addon\"><div class=\"wppb-text-block-content 0\"><p style=\"text-align: center;\">Vereine\/Organisationen<\/p><\/div><\/div><\/div><\/div>                                            <\/div>\n                                        <\/div>\n                                    <\/div>\n\t\t\t\t\t\t\t\t\t                        <\/div>\n\n                    <\/div>\n                <\/div>\n\t\t\t\t                <div  class=\"wppb-row-parent  wppb-row-1550853622270 \"  >\n\t\t\t\t\t\n\t\t\t\t\t\t\t\t\t\t\n\t\t\t\t\t\t\t\t\t\t\n\t\t\t\t\t<div class=\"wppb-container \">\n\t\t\t\t\t\t\t\t\t\t\t\t\t\n                        <div class=\"wppb-row\">\n\t\t\t\t\t\t\t                                    <div  class=\"wppb-column-parent wppb-column-parent-view wppb-col-1550853622269  \"  >\n                                        <div class=\"wppb-column\">\n\t\t\t\t\t\n\t\t\t\t\t\t\t\t\t\t\t\n                                            <div class=\"wppb-builder-addons\">\n\t\t\t\t\t\t\t\t\t\t\t\t<div class='wppb-builder-addon wppb-addon-1550853875263'  data-addon-id='1550853875263'><div class='wppb-addon'><div class=\"wppb-text-block-addon\"><div class=\"wppb-text-block-content 0\"><p style=\"text-align: left;\">Zusammenarbeit im Tierschutz ist wichtig, soweit es geht, helfen sich Vereine untereinander.<\/p><p style=\"text-align: left;\">Hat ein Verein einen Engpass an Futtervorrat, helfen befreundete Vereine aus und stellen, wenn m\u00f6glich einen Teil ihres Vorrates\u00a0 dem\u00a0 hilfesuchenden Verein zur Verf\u00fcgung.<\/p><\/div><\/div><\/div><\/div>                                            <\/div>\n                                        <\/div>\n                                    <\/div>\n\t\t\t\t\t\t\t\t\t                        <\/div>\n\n                    <\/div>\n                <\/div>\n\t\t\t\t                <div  class=\"wppb-row-parent  wppb-row-1550849966635 \"  >\n\t\t\t\t\t\n\t\t\t\t\t\t\t\t\t\t\n\t\t\t\t\t\t\t\t\t\t\n\t\t\t\t\t<div class=\"wppb-container \">\n\t\t\t\t\t\t\t\t\t\t\t\t\t\n                        <div class=\"wppb-row\">\n\t\t\t\t\t\t\t                                    <div  class=\"wppb-column-parent wppb-column-parent-view wppb-col-1550849966631  \"  >\n                                        <div class=\"wppb-column\">\n\t\t\t\t\t\n\t\t\t\t\t\t\t\t\t\t\t\n                                            <div class=\"wppb-builder-addons\">\n\t\t\t\t\t\t\t\t\t\t\t\t<div class='wppb-builder-addon wppb-addon-1550850536197'  data-addon-id='1550850536197'><div class='wppb-addon'><div class=\"wppb-image-addon\"><figure class=\"wppb-image-addon-content-wrap\"><div class=\"wppb-image-addon-content wppb-imginlineblock\"><a rel=nofolow href=\"https:\/\/www.tierschutzbund.de\/\" target=_blank><img class=\"wppb-image-addon-img\" src=\"http:\/\/www.tierfreunde-flaeming.de\/wp-content\/uploads\/2019\/02\/DeutscherTierschutzbund.png\" alt=\"Image\"><\/a><\/div><\/figure><\/div><\/div><\/div>                                            <\/div>\n                                        <\/div>\n                                    <\/div>\n\t\t\t\t\t\t\t\t\t                                    <div  class=\"wppb-column-parent wppb-column-parent-view wppb-col-1554728936315  \"  >\n                                        <div class=\"wppb-column\">\n\t\t\t\t\t\n\t\t\t\t\t\t\t\t\t\t\t\n                                            <div class=\"wppb-builder-addons\">\n\t\t\t\t\t\t\t\t\t\t\t\t<div class='wppb-builder-addon wppb-addon-1554729064512'  data-addon-id='1554729064512'><div class='wppb-addon'><div class=\"wppb-text-block-addon\"><div class=\"wppb-text-block-content 0\"><p style=\"text-align: left;\"><span style=\"font-family: verdana,geneva,sans-serif; font-size: 12pt;\">Der Deutsche Tierschutzbund wurde im Jahre 1881 als Dachorganisation der Tierschutzver\u00adeine und Tierheime in Deutschland gegr\u00fcndet. Heute sind ihm 16 Landesverb\u00e4nde und mehr als 740 \u00f6rtliche Tierschutzvereine mit rund 550 vereinseigenen Tierheimen\/Auffangstationen und mehr als 800.000 Mitgliedern aus allen Teilen der Bundesrepublik angeschlossen. Er ist damit Europas gr\u00f6\u00dfte Tier- und Natur\u00adschutzdachorganisation.<\/span><\/p><\/div><\/div><\/div><\/div>                                            <\/div>\n                                        <\/div>\n                                    <\/div>\n\t\t\t\t\t\t\t\t\t                        <\/div>\n\n                    <\/div>\n                <\/div>\n\t\t\t\t                <div  class=\"wppb-row-parent  wppb-row-1554729639892 \"  >\n\t\t\t\t\t\n\t\t\t\t\t\t\t\t\t\t\n\t\t\t\t\t\t\t\t\t\t\n\t\t\t\t\t<div class=\"wppb-container \">\n\t\t\t\t\t\t\t\t\t\t\t\t\t\n                        <div class=\"wppb-row\">\n\t\t\t\t\t\t\t                                    <div  class=\"wppb-column-parent wppb-column-parent-view wppb-col-1554729639891  \"  >\n                                        <div class=\"wppb-column\">\n\t\t\t\t\t\n\t\t\t\t\t\t\t\t\t\t\t\n                                            <div class=\"wppb-builder-addons\">\n\t\t\t\t\t\t\t\t\t\t\t\t                                            <\/div>\n                                        <\/div>\n                                    <\/div>\n\t\t\t\t\t\t\t\t\t                        <\/div>\n\n                    <\/div>\n                <\/div>\n\t\t\t\t                <div  class=\"wppb-row-parent  wppb-row-1550850942787 \"  >\n\t\t\t\t\t\n\t\t\t\t\t\t\t\t\t\t\n\t\t\t\t\t\t\t\t\t\t\n\t\t\t\t\t<div class=\"wppb-container \">\n\t\t\t\t\t\t\t\t\t\t\t\t\t\n                        <div class=\"wppb-row\">\n\t\t\t\t\t\t\t                                    <div  class=\"wppb-column-parent wppb-column-parent-view wppb-col-1550850942782  \"  >\n                                        <div class=\"wppb-column\">\n\t\t\t\t\t\n\t\t\t\t\t\t\t\t\t\t\t\n                                            <div class=\"wppb-builder-addons\">\n\t\t\t\t\t\t\t\t\t\t\t\t<div class='wppb-builder-addon wppb-addon-1550852660619'  data-addon-id='1550852660619'><div class='wppb-addon'><div class=\"wppb-image-addon\"><figure class=\"wppb-image-addon-content-wrap\"><div class=\"wppb-image-addon-content wppb-imginlineblock\"><a rel=nofolow href=\"https:\/\/tierschutzbrandenburg.de\/\" target=_blank><img class=\"wppb-image-addon-img\" src=\"http:\/\/www.tierfreunde-flaeming.de\/wp-content\/uploads\/2019\/02\/Landestierschutzverband.jpg\" alt=\"Image\"><\/a><\/div><\/figure><\/div><\/div><\/div>                                            <\/div>\n                                        <\/div>\n                                    <\/div>\n\t\t\t\t\t\t\t\t\t                                    <div  class=\"wppb-column-parent wppb-column-parent-view wppb-col-1550850942786  \"  >\n                                        <div class=\"wppb-column\">\n\t\t\t\t\t\n\t\t\t\t\t\t\t\t\t\t\t\n                                            <div class=\"wppb-builder-addons\">\n\t\t\t\t\t\t\t\t\t\t\t\t<div class='wppb-builder-addon wppb-addon-1554729638762'  data-addon-id='1554729638762'><div class='wppb-addon'><div class=\"wppb-text-block-addon\"><div class=\"wppb-text-block-content 0\"><p style=\"text-align: left;\"><span style=\"font-family: verdana,geneva,sans-serif; font-size: 12pt;\">Dieser Verband hat den Zweck, die Tierschutzvereine im Land Brandenburg und in diesem Lande bestehende Vereine, Verb\u00e4nde und Gemeinschaften, die sich dem Schutz der Tiere zur Aufgabe gestellt haben und Mitglied im Deutschen Tierschutzbund sind, zusammenzuschlie\u00dfen.\u00a0<br \/>Es soll die Bestrebungen seiner Mitglieder wirkungsvoller gestalten, ihre Belange f\u00f6rdern, insbesondere gegen\u00fcber der Landesbeh\u00f6rden und \u00fcber\u00f6rtlichen Verb\u00e4nden vertreten und Einfluss auf die gesetzgebenden K\u00f6rperschaften nehmen.<\/span><span style=\"display: inline !important; float: none; background-color: transparent; color: #001f66; font-family: 'Helvetica Neue',Helvetica,Arial,sans-serif; font-size: 15px; font-style: normal; font-variant: normal; font-weight: 300; letter-spacing: normal; orphans: 2; text-align: left; text-decoration: none; text-indent: 0px; text-transform: none; -webkit-text-stroke-width: 0px; white-space: normal; word-spacing: 0px;\">.<\/span><\/p><\/div><\/div><\/div><\/div>                                            <\/div>\n                                        <\/div>\n                                    <\/div>\n\t\t\t\t\t\t\t\t\t                        <\/div>\n\n                    <\/div>\n                <\/div>\n\t\t\t\t                <div  class=\"wppb-row-parent  wppb-row-1554729639890 \"  >\n\t\t\t\t\t\n\t\t\t\t\t\t\t\t\t\t\n\t\t\t\t\t\t\t\t\t\t\n\t\t\t\t\t<div class=\"wppb-container \">\n\t\t\t\t\t\t\t\t\t\t\t\t\t\n                        <div class=\"wppb-row\">\n\t\t\t\t\t\t\t                                    <div  class=\"wppb-column-parent wppb-column-parent-view wppb-col-1554729639889  \"  >\n                                        <div class=\"wppb-column\">\n\t\t\t\t\t\n\t\t\t\t\t\t\t\t\t\t\t\n                                            <div class=\"wppb-builder-addons\">\n\t\t\t\t\t\t\t\t\t\t\t\t                                            <\/div>\n                                        <\/div>\n                                    <\/div>\n\t\t\t\t\t\t\t\t\t                        <\/div>\n\n                    <\/div>\n                <\/div>\n\t\t\t\t                <div  class=\"wppb-row-parent  wppb-row-1550850942874 \"  >\n\t\t\t\t\t\n\t\t\t\t\t\t\t\t\t\t\n\t\t\t\t\t\t\t\t\t\t\n\t\t\t\t\t<div class=\"wppb-container \">\n\t\t\t\t\t\t\t\t\t\t\t\t\t\n                        <div class=\"wppb-row\">\n\t\t\t\t\t\t\t                                    <div  class=\"wppb-column-parent wppb-column-parent-view wppb-col-1550850942872  \"  >\n                                        <div class=\"wppb-column\">\n\t\t\t\t\t\n\t\t\t\t\t\t\t\t\t\t\t\n                                            <div class=\"wppb-builder-addons\">\n\t\t\t\t\t\t\t\t\t\t\t\t<div class='wppb-builder-addon wppb-addon-1550853044246'  data-addon-id='1550853044246'><div class='wppb-addon'><div class=\"wppb-image-addon\"><figure class=\"wppb-image-addon-content-wrap\"><div class=\"wppb-image-addon-content wppb-imginlineblock\"><a rel=nofolow href=\"https:\/\/www.tiertafel-badbelzig.com\/\" target=_blank><img class=\"wppb-image-addon-img\" src=\"http:\/\/www.tierfreunde-flaeming.de\/wp-content\/uploads\/2019\/02\/fill_400x400_Tiertafel_Mittel-150x150.jpg\" alt=\"Image\"><\/a><\/div><\/figure><\/div><\/div><\/div>                                            <\/div>\n                                        <\/div>\n                                    <\/div>\n\t\t\t\t\t\t\t\t\t                                    <div  class=\"wppb-column-parent wppb-column-parent-view wppb-col-1550850942873  \"  >\n                                        <div class=\"wppb-column\">\n\t\t\t\t\t\n\t\t\t\t\t\t\t\t\t\t\t\n                                            <div class=\"wppb-builder-addons\">\n\t\t\t\t\t\t\t\t\t\t\t\t<div class='wppb-builder-addon wppb-addon-1554731355211'  data-addon-id='1554731355211'><div class='wppb-addon'><div class=\"wppb-text-block-addon\"><div class=\"wppb-text-block-content 0\"><p>Die Tiertafel Bad Belzig e.V. unterst\u00fctzt in Not geratene Mitb\u00fcrger mit Futterspenden und Zubeh\u00f6r f\u00fcr ihr Haustier. Niemand soll sein Tier aufgeben m\u00fcssen, weil die Mittel f\u00fcr Futter, Zubeh\u00f6r und die tier\u00e4rztliche Versorgung nicht mehr aufgebracht werden k\u00f6nnen. Mensch und Tier sollen weiterhin gemeinsam durchs Leben gehen k\u00f6nnen, denn oftmals ist gerade das Tier der einzige Halt f\u00fcr viele Menschen.<\/p><\/div><\/div><\/div><\/div>                                            <\/div>\n                                        <\/div>\n                                    <\/div>\n\t\t\t\t\t\t\t\t\t                        <\/div>\n\n                    <\/div>\n                <\/div>\n\t\t\t\t                <div  class=\"wppb-row-parent  wppb-row-1554731687025 \"  >\n\t\t\t\t\t\n\t\t\t\t\t\t\t\t\t\t\n\t\t\t\t\t\t\t\t\t\t\n\t\t\t\t\t<div class=\"wppb-container \">\n\t\t\t\t\t\t\t\t\t\t\t\t\t\n                        <div class=\"wppb-row\">\n\t\t\t\t\t\t\t                                    <div  class=\"wppb-column-parent wppb-column-parent-view wppb-col-1554731687024  \"  >\n                                        <div class=\"wppb-column\">\n\t\t\t\t\t\n\t\t\t\t\t\t\t\t\t\t\t\n                                            <div class=\"wppb-builder-addons\">\n\t\t\t\t\t\t\t\t\t\t\t\t                                            <\/div>\n                                        <\/div>\n                                    <\/div>\n\t\t\t\t\t\t\t\t\t                        <\/div>\n\n                    <\/div>\n                <\/div>\n\t\t\t\t                <div  class=\"wppb-row-parent  wppb-row-1550850942893 \"  >\n\t\t\t\t\t\n\t\t\t\t\t\t\t\t\t\t\n\t\t\t\t\t\t\t\t\t\t\n\t\t\t\t\t<div class=\"wppb-container \">\n\t\t\t\t\t\t\t\t\t\t\t\t\t\n                        <div class=\"wppb-row\">\n\t\t\t\t\t\t\t                                    <div  class=\"wppb-column-parent wppb-column-parent-view wppb-col-1550850942891  \"  >\n                                        <div class=\"wppb-column\">\n\t\t\t\t\t\n\t\t\t\t\t\t\t\t\t\t\t\n                                            <div class=\"wppb-builder-addons\">\n\t\t\t\t\t\t\t\t\t\t\t\t<div class='wppb-builder-addon wppb-addon-1550853297676'  data-addon-id='1550853297676'><div class='wppb-addon'><div class=\"wppb-image-addon\"><figure class=\"wppb-image-addon-content-wrap\"><div class=\"wppb-image-addon-content wppb-imginlineblock\"><a rel=nofolow href=\"https:\/\/hundescheune-flaeming.de\/\" target=_blank><img class=\"wppb-image-addon-img\" src=\"http:\/\/www.tierfreunde-flaeming.de\/wp-content\/uploads\/2019\/05\/Hundescheune-Fl\u00e4ming.jpg\" alt=\"Image\"><\/a><\/div><\/figure><\/div><\/div><\/div>                                            <\/div>\n                                        <\/div>\n                                    <\/div>\n\t\t\t\t\t\t\t\t\t                                    <div  class=\"wppb-column-parent wppb-column-parent-view wppb-col-1550850942892  \"  >\n                                        <div class=\"wppb-column\">\n\t\t\t\t\t\n\t\t\t\t\t\t\t\t\t\t\t\n                                            <div class=\"wppb-builder-addons\">\n\t\t\t\t\t\t\t\t\t\t\t\t<div class='wppb-builder-addon wppb-addon-1554731639581'  data-addon-id='1554731639581'><div class='wppb-addon'><div class=\"wppb-text-block-addon\"><div class=\"wppb-text-block-content 0\"><p>Die Hundescheune-Fl\u00e4ming e.V., besteht aus einer kleine Gruppe von Menschen, die durch ihre Tierliebe, Hunden entweder einen liebevoll umsorgten Lebensabend bereiten oder ihnen in eine gl\u00fcckliche Zukunft verhelfen wollen. Egal ob nun aus Deutschland oder dem Ausland, denn Tierschutz endet nicht an der Landesgrenze. Ihre Pfleglinge leben alle zusammen mit ihnen und ihren Tieren im Haus und haben vollen Familienanschluss. Tierschutz ist f\u00fcr sie kein Hobby, sondern eine Lebenseinstellung.<\/p><\/div><\/div><\/div><\/div>                                            <\/div>\n                                        <\/div>\n                                    <\/div>\n\t\t\t\t\t\t\t\t\t                        <\/div>\n\n                    <\/div>\n                <\/div>\n\t\t\t\t                <div  class=\"wppb-row-parent  wppb-row-1554732029742 \"  >\n\t\t\t\t\t\n\t\t\t\t\t\t\t\t\t\t\n\t\t\t\t\t\t\t\t\t\t\n\t\t\t\t\t<div class=\"wppb-container \">\n\t\t\t\t\t\t\t\t\t\t\t\t\t\n                        <div class=\"wppb-row\">\n\t\t\t\t\t\t\t                                    <div  class=\"wppb-column-parent wppb-column-parent-view wppb-col-1554732029741  \"  >\n                                        <div class=\"wppb-column\">\n\t\t\t\t\t\n\t\t\t\t\t\t\t\t\t\t\t\n                                            <div class=\"wppb-builder-addons\">\n\t\t\t\t\t\t\t\t\t\t\t\t                                            <\/div>\n                                        <\/div>\n                                    <\/div>\n\t\t\t\t\t\t\t\t\t                        <\/div>\n\n                    <\/div>\n                <\/div>\n\t\t\t\t                <div  class=\"wppb-row-parent  wppb-row-1550853622136 \"  >\n\t\t\t\t\t\n\t\t\t\t\t\t\t\t\t\t\n\t\t\t\t\t\t\t\t\t\t\n\t\t\t\t\t<div class=\"wppb-container \">\n\t\t\t\t\t\t\t\t\t\t\t\t\t\n                        <div class=\"wppb-row\">\n\t\t\t\t\t\t\t                                    <div  class=\"wppb-column-parent wppb-column-parent-view wppb-col-1550853622134  \"  >\n                                        <div class=\"wppb-column\">\n\t\t\t\t\t\n\t\t\t\t\t\t\t\t\t\t\t\n                                            <div class=\"wppb-builder-addons\">\n\t\t\t\t\t\t\t\t\t\t\t\t<div class='wppb-builder-addon wppb-addon-1550853642621'  data-addon-id='1550853642621'><div class='wppb-addon'><div class=\"wppb-image-addon\"><figure class=\"wppb-image-addon-content-wrap\"><div class=\"wppb-image-addon-content wppb-imginlineblock\"><a rel=nofolow href=\"https:\/\/www.tiertafel.info\/\" target=_blank><img class=\"wppb-image-addon-img\" src=\"http:\/\/www.tierfreunde-flaeming.de\/wp-content\/uploads\/2019\/02\/5730920a40e20.png\" alt=\"Image\"><\/a><\/div><\/figure><\/div><\/div><\/div>                                            <\/div>\n                                        <\/div>\n                                    <\/div>\n\t\t\t\t\t\t\t\t\t                                    <div  class=\"wppb-column-parent wppb-column-parent-view wppb-col-1550853622135  \"  >\n                                        <div class=\"wppb-column\">\n\t\t\t\t\t\n\t\t\t\t\t\t\t\t\t\t\t\n                                            <div class=\"wppb-builder-addons\">\n\t\t\t\t\t\t\t\t\t\t\t\t<div class='wppb-builder-addon wppb-addon-1554732003801'  data-addon-id='1554732003801'><div class='wppb-addon'><div class=\"wppb-text-block-addon\"><div class=\"wppb-text-block-content 0\"><p>Arbeitslosigkeit, Scheidung, Firmenpleiten \u2026..<\/p><p>All das k\u00f6nnen Gr\u00fcnde sein, warum Mitmenschen in den von Bezug von Sozialleistungen kommen.<br \/>Auch Altersarmut bei Rentnern tritt oft ein. <br \/>Und schon reicht das Geld kaum f\u00fcr den eigenen Lebensunterhalt.<br \/>Gerade in diesen Lebenssituationen ist ein Haustier oft der letzter sozialer Kontakt.<br \/>Oft leben die Haustiere schon sehr lange beim Halter , oft sind Sie alt &amp; krank.<br \/>Damit diese langj\u00e4hrigen Weggef\u00e4hrten nicht aus finanzieller Not abgegeben werden m\u00fcssen, werden sie von den lieben Menschen der Tiertafel Havelland e.V. unterst\u00fctzt.<\/p><\/div><\/div><\/div><\/div>                                            <\/div>\n                                        <\/div>\n                                    <\/div>\n\t\t\t\t\t\t\t\t\t                        <\/div>\n\n                    <\/div>\n                <\/div>\n\t\t\t\t                <div  class=\"wppb-row-parent  wppb-row-1554910786289 \"  >\n\t\t\t\t\t\n\t\t\t\t\t\t\t\t\t\t\n\t\t\t\t\t\t\t\t\t\t\n\t\t\t\t\t<div class=\"wppb-container \">\n\t\t\t\t\t\t\t\t\t\t\t\t\t\n                        <div class=\"wppb-row\">\n\t\t\t\t\t\t\t                                    <div  class=\"wppb-column-parent wppb-column-parent-view wppb-col-1554910786288  \"  >\n                                        <div class=\"wppb-column\">\n\t\t\t\t\t\n\t\t\t\t\t\t\t\t\t\t\t\n                                            <div class=\"wppb-builder-addons\">\n\t\t\t\t\t\t\t\t\t\t\t\t                                            <\/div>\n                                        <\/div>\n                                    <\/div>\n\t\t\t\t\t\t\t\t\t                        <\/div>\n\n                    <\/div>\n                <\/div>\n\t\t\t\t                <div  class=\"wppb-row-parent  wppb-row-1554910786165 \"  >\n\t\t\t\t\t\n\t\t\t\t\t\t\t\t\t\t\n\t\t\t\t\t\t\t\t\t\t\n\t\t\t\t\t<div class=\"wppb-container \">\n\t\t\t\t\t\t\t\t\t\t\t\t\t\n                        <div class=\"wppb-row\">\n\t\t\t\t\t\t\t                                    <div  class=\"wppb-column-parent wppb-column-parent-view wppb-col-1554910786166  \"  >\n                                        <div class=\"wppb-column\">\n\t\t\t\t\t\n\t\t\t\t\t\t\t\t\t\t\t\n                                            <div class=\"wppb-builder-addons\">\n\t\t\t\t\t\t\t\t\t\t\t\t<div class='wppb-builder-addon wppb-addon-1554910786167'  data-addon-id='1554910786167'><div class='wppb-addon'><div class=\"wppb-image-addon\"><figure class=\"wppb-image-addon-content-wrap\"><div class=\"wppb-image-addon-content wppb-imginlineblock\"><a rel=nofolow href=\"https:\/\/kvgd-stiftung.de\/\" target=_blank><img class=\"wppb-image-addon-img\" src=\"http:\/\/www.tierfreunde-flaeming.de\/wp-content\/uploads\/2019\/02\/Karin-von-Grumme.jpg\" alt=\"Image\"><\/a><\/div><\/figure><\/div><\/div><\/div>                                            <\/div>\n                                        <\/div>\n                                    <\/div>\n\t\t\t\t\t\t\t\t\t                                    <div  class=\"wppb-column-parent wppb-column-parent-view wppb-col-1554910786168  \"  >\n                                        <div class=\"wppb-column\">\n\t\t\t\t\t\n\t\t\t\t\t\t\t\t\t\t\t\n                                            <div class=\"wppb-builder-addons\">\n\t\t\t\t\t\t\t\t\t\t\t\t<div class='wppb-builder-addon wppb-addon-1554910786169'  data-addon-id='1554910786169'><div class='wppb-addon'><div class=\"wppb-text-block-addon\"><div class=\"wppb-text-block-content 0\"><p><span style=\"font-family: verdana,geneva,sans-serif;\">Mit der Pfotentafel f\u00fcr Tiere<\/span><\/p><p style=\"text-align: left;\"><span style=\"text-align: left; color: #000000; text-transform: none; text-indent: 0px; letter-spacing: normal; font-family: verdana,geneva,sans-serif; font-size: 12pt; font-style: normal; font-variant: normal; font-weight: 300; text-decoration: none; word-spacing: 0px; display: inline !important; white-space: normal; orphans: 2; float: none; -webkit-text-stroke-width: 0px; background-color: transparent;\">Die Aufgabe der Pfotentafel ist es, dringend hilfsbed\u00fcrftige Tierschutzorganisationen wie Tierheime und Gnadenh\u00f6fe mit Futterspenden zu unterst\u00fctzen. Leider geraten immer mehr Tiere in Not und werden dann von ihren Besitzern abgegeben. Ohne die unerm\u00fcdliche Hilfe von Menschen, die ehrenamtlich bei solchen Tierhilfeeinrichtungen arbeiten und ohne gesponserte Futterspenden h\u00e4tten viele herrenlose Tiere oftmals keine \u00dcberlebenschance.<\/span><\/p><\/div><\/div><\/div><\/div>                                            <\/div>\n                                        <\/div>\n                                    <\/div>\n\t\t\t\t\t\t\t\t\t                        <\/div>\n\n                    <\/div>\n                <\/div>\n\t\t\t\t<\/div>","protected":false},"excerpt":{"rendered":"<p>Vereine\/Organisationen Zusammenarbeit im Tierschutz ist wichtig, soweit es geht, helfen sich Vereine untereinander.Hat ein Verein einen Engpass an Futtervorrat, helfen befreundete Vereine aus und stellen, wenn m\u00f6glich einen Teil ihres Vorrates\u00a0 dem\u00a0 hilfesuchenden Verein zur Verf\u00fcgung. Der Deutsche Tierschutzbund wurde im Jahre 1881 als Dachorganisation der Tierschutzver\u00adeine und Tierheime in Deutschland gegr\u00fcndet. Heute sind ihm [&hellip;]<\/p>\n","protected":false},"author":1,"featured_media":0,"parent":0,"menu_order":0,"comment_status":"closed","ping_status":"closed","template":"","meta":[],"_links":{"self":[{"href":"https:\/\/www.tierfreunde-flaeming.de\/index.php?rest_route=\/wp\/v2\/pages\/2130"}],"collection":[{"href":"https:\/\/www.tierfreunde-flaeming.de\/index.php?rest_route=\/wp\/v2\/pages"}],"about":[{"href":"https:\/\/www.tierfreunde-flaeming.de\/index.php?rest_route=\/wp\/v2\/types\/page"}],"author":[{"embeddable":true,"href":"https:\/\/www.tierfreunde-flaeming.de\/index.php?rest_route=\/wp\/v2\/users\/1"}],"replies":[{"embeddable":true,"href":"https:\/\/www.tierfreunde-flaeming.de\/index.php?rest_route=%2Fwp%2Fv2%2Fcomments&post=2130"}],"version-history":[{"count":1,"href":"https:\/\/www.tierfreunde-flaeming.de\/index.php?rest_route=\/wp\/v2\/pages\/2130\/revisions"}],"predecessor-version":[{"id":2131,"href":"https:\/\/www.tierfreunde-flaeming.de\/index.php?rest_route=\/wp\/v2\/pages\/2130\/revisions\/2131"}],"wp:attachment":[{"href":"https:\/\/www.tierfreunde-flaeming.de\/index.php?rest_route=%2Fwp%2Fv2%2Fmedia&parent=2130"}],"curies":[{"name":"wp","href":"https:\/\/api.w.org\/{rel}","templated":true}]}}