{"id":2085,"date":"2019-02-06T16:09:10","date_gmt":"2019-02-06T15:09:10","guid":{"rendered":"http:\/\/www.tierfreunde-flaeming.de\/?page_id=2085"},"modified":"2021-01-29T10:49:39","modified_gmt":"2021-01-29T09:49:39","slug":"spendenaufruf","status":"publish","type":"page","link":"https:\/\/www.tierfreunde-flaeming.de\/?page_id=2085","title":{"rendered":"So kann man Helfen"},"content":{"rendered":"<div id=\"wppb-builder-container\" class=\"wppb-builder-container\">                <div  class=\"wppb-row-parent  wppb-row-1549465755608 \"  >\n\t\t\t\t\t\n\t\t\t\t\t\t\t\t\t\t\n\t\t\t\t\t\t\t\t\t\t\n\t\t\t\t\t<div class=\"wppb-container \">\n\t\t\t\t\t\t\t\t\t\t\t\t\t\n                        <div class=\"wppb-row\">\n\t\t\t\t\t\t\t                                    <div  class=\"wppb-column-parent wppb-column-parent-view wppb-col-1549465755607  \"  >\n                                        <div class=\"wppb-column\">\n\t\t\t\t\t\n\t\t\t\t\t\t\t\t\t\t\t\n                                            <div class=\"wppb-builder-addons\">\n\t\t\t\t\t\t\t\t\t\t\t\t<div class='wppb-builder-addon wppb-addon-1549465765906'  data-addon-id='1549465765906'><div class='wppb-addon'><div class=\"wppb-text-block-addon\"><div class=\"wppb-text-block-content 0\"><p style=\"text-align: center;\"><em>Unterst\u00fctzung<\/em><\/p><\/div><\/div><\/div><\/div>                                            <\/div>\n                                        <\/div>\n                                    <\/div>\n\t\t\t\t\t\t\t\t\t                        <\/div>\n\n                    <\/div>\n                <\/div>\n\t\t\t\t                <div  class=\"wppb-row-parent  wppb-row-1549466624463 \"  >\n\t\t\t\t\t\n\t\t\t\t\t\t\t\t\t\t\n\t\t\t\t\t\t\t\t\t\t\n\t\t\t\t\t<div class=\"wppb-container \">\n\t\t\t\t\t\t\t\t\t\t\t\t\t\n                        <div class=\"wppb-row\">\n\t\t\t\t\t\t\t                                    <div  class=\"wppb-column-parent wppb-column-parent-view wppb-col-1549466624462  \"  >\n                                        <div class=\"wppb-column\">\n\t\t\t\t\t\n\t\t\t\t\t\t\t\t\t\t\t\n                                            <div class=\"wppb-builder-addons\">\n\t\t\t\t\t\t\t\t\t\t\t\t<div class='wppb-builder-addon wppb-addon-1549466658603'  data-addon-id='1549466658603'><div class='wppb-addon'><div class=\"wppb-text-block-addon\"><div class=\"wppb-text-block-content 0\"><p style=\"text-align: center;\"><em>Es gibt viele M\u00f6glichkeiten, unseren Verein zu helfen.<\/em><br \/><em>Und so geht das !!!<\/em><\/p><\/div><\/div><\/div><\/div>                                            <\/div>\n                                        <\/div>\n                                    <\/div>\n\t\t\t\t\t\t\t\t\t                        <\/div>\n\n                    <\/div>\n                <\/div>\n\t\t\t\t                <div  class=\"wppb-row-parent  wppb-row-1549466624670 \"  >\n\t\t\t\t\t\n\t\t\t\t\t\t\t\t\t\t\n\t\t\t\t\t\t\t\t\t\t\n\t\t\t\t\t<div class=\"wppb-container \">\n\t\t\t\t\t\t\t\t\t\t\t\t\t\n                        <div class=\"wppb-row\">\n\t\t\t\t\t\t\t                                    <div  class=\"wppb-column-parent wppb-column-parent-view wppb-col-1549466624668  \"  >\n                                        <div class=\"wppb-column\">\n\t\t\t\t\t\n\t\t\t\t\t\t\t\t\t\t\t\n                                            <div class=\"wppb-builder-addons\">\n\t\t\t\t\t\t\t\t\t\t\t\t<div class='wppb-builder-addon wppb-addon-1549467009442'  data-addon-id='1549467009442'><div class='wppb-addon'><div class=\"wppb-text-block-addon\"><div class=\"wppb-text-block-content 0\"><p><span style=\"font-size: 18pt;\">Gooding - Der einfachste Weg!<\/span><\/p><p>Es entstehen keine <span style=\"color: #000000;\"><strong>Kosten<\/strong><\/span> und man muss sich dort auch nicht registrieren, sondern kann Gooding ganz einfach als Gast nutzen.<br \/>Bei Eink\u00e4ufen \u00fcber Onlineshops, einfach \u00fcber Gooding gehen und seinen Shop aussuchen und dort f\u00fcr sich oder seine Lieben wie gewohnt bestellen.<\/p><p>Wir sind gerne behilflich, wenn es hier Fragen gibt.<\/p><\/div><\/div><\/div><\/div>                                            <\/div>\n                                        <\/div>\n                                    <\/div>\n\t\t\t\t\t\t\t\t\t                                    <div  class=\"wppb-column-parent wppb-column-parent-view wppb-col-1549467700698  \"  >\n                                        <div class=\"wppb-column\">\n\t\t\t\t\t\n\t\t\t\t\t\t\t\t\t\t\t\n                                            <div class=\"wppb-builder-addons\">\n\t\t\t\t\t\t\t\t\t\t\t\t<div class='wppb-builder-addon wppb-addon-1549468113808'  data-addon-id='1549468113808'><div class='wppb-addon'><div class=\"wppb-raw-html-addon\"><div class=\"wppb-raw-html-content\"><iframe width=\"336\" height=\"280\"  name=\"Gooding Banner-Widget\" id=\"Gooding Banner-Widget\" frameborder=\"0\" allowtransparency=\"true\" scrolling=\"yes\" title=\"Gooding Banner-Widget\" src=\"https:\/\/erweiterungen.gooding.de\/app\/widget\/tierfreunde-im-flaeming-e-v-67940\/large-rectangle\/tab\/0\/donations\/1\/v\/1549468008.TmQSv7QNySf9yuTQrUiNmnMqP0sDsLGZvuteTR5XTx%252FTLTDh4rCqEkfUDcLnWJ%252B422Sll13aPpJBAWqUs708XmU26RwX61k9AyIuWdPfwkoRpKgMPuxNaZqV45oa7F4U\"><\/iframe><\/div><\/div><\/div><\/div>                                            <\/div>\n                                        <\/div>\n                                    <\/div>\n\t\t\t\t\t\t\t\t\t                        <\/div>\n\n                    <\/div>\n                <\/div>\n\t\t\t\t                <div  class=\"wppb-row-parent  wppb-row-1549468152331 \"  >\n\t\t\t\t\t\n\t\t\t\t\t\t\t\t\t\t\n\t\t\t\t\t\t\t\t\t\t\n\t\t\t\t\t<div class=\"wppb-container \">\n\t\t\t\t\t\t\t\t\t\t\t\t\t\n                        <div class=\"wppb-row\">\n\t\t\t\t\t\t\t                                    <div  class=\"wppb-column-parent wppb-column-parent-view wppb-col-1549468152329  \"  >\n                                        <div class=\"wppb-column\">\n\t\t\t\t\t\n\t\t\t\t\t\t\t\t\t\t\t\n                                            <div class=\"wppb-builder-addons\">\n\t\t\t\t\t\t\t\t\t\t\t\t<div class='wppb-builder-addon wppb-addon-1549468724873'  data-addon-id='1549468724873'><div class='wppb-addon'><div class=\"wppb-text-block-addon\"><div class=\"wppb-text-block-content 0\"><p><span style=\"font-family: verdana,geneva,sans-serif; font-size: 18pt;\">Ein Inkubator um den Tieren obtimaler helfen zu k\u00f6nnen.<\/span><\/p><p><span style=\"font: 400 14pt\/22.28px verdana,geneva,sans-serif; text-align: left; color: #000000; text-transform: none; text-indent: 0px; letter-spacing: normal; text-decoration: none; word-spacing: 0px; display: inline !important; white-space: normal; orphans: 2; font-size-adjust: none; font-stretch: 100%; float: none; -webkit-text-stroke-width: 0px; background-color: transparent;\" data-mce-fragment=\"1\">Um die Finanzierung eines Inkubators zu erm\u00f6glichen haben wir auf Betterplace dieses Projekt angelegt. <br \/>Ein Klick und Ihr k\u00f6nnt Euch informieren und wir w\u00fcrden uns \u00fcber eine Spende (jeder Euro z\u00e4hlt) freuen.<\/span><\/p><\/div><\/div><\/div><\/div>            <div  class=\"wppb-row-parent wppb-inner-row-parent wppb-row-1550687291955 \">\n\t\t\t\n\t\t\t\t\t\t\n\t\t\t\t<div class=\"wppb-container\">\n                    <div class=\"wppb-row\">\n\t\t\t\t\t\t                                <div  class=\"wppb-column-parent wppb-column-parent-view wppb-col-1550687291956  \" >\n                                    <div class=\"wppb-column\">\n                                        <div class=\"wppb-builder-addons\">\n\t\t\t\t\t\t\t\t\t\t\t<div  class='wppb-builder-addon wppb-addon-1550687690828   '   ><div class='wppb-inner_addon'><div class=\"wppb-text-block-addon\"><div class=\"wppb-text-block-content 0\"><p><strong><span style=\"font-size: 10pt;\">Einfach auf \"Informieren und Spenden klicken.<\/span><\/strong><\/p><\/div><\/div><\/div><\/div>                                        <\/div>\n                                    <\/div>\n                                <\/div>\n\t\t\t\t\t\t\t\t                    <\/div>\n                <\/div>\n            <\/div>\n\t\t\t                                            <\/div>\n                                        <\/div>\n                                    <\/div>\n\t\t\t\t\t\t\t\t\t                                    <div  class=\"wppb-column-parent wppb-column-parent-view wppb-col-1611914960577  \"  >\n                                        <div class=\"wppb-column\">\n\t\t\t\t\t\n\t\t\t\t\t\t\t\t\t\t\t\n                                            <div class=\"wppb-builder-addons\">\n\t\t\t\t\t\t\t\t\t\t\t\t<div class='wppb-builder-addon wppb-addon-1611915325738'  data-addon-id='1611915325738'><div class='wppb-addon'><div class=\"wppb-raw-html-addon\"><div class=\"wppb-raw-html-content\"><iframe frameborder=\"0\" marginheight=\"0\" marginwidth=\"0\" src=\"https:\/\/www.betterplace-widget.org\/projects\/154971?l=de\" width=\"100%\" height=\"320\" style=\"border: 0; padding:0; margin:0;\">Informieren und spenden: &lt;a href=&#39;https:\/\/www.betterplace.org\/de\/projects\/154971-inkubator-fuer-die-tiere-in-not&#39; target=&#39;_blank&#39;&gt;\u201eInkubator f\u00fcr die Tiere in Not\u201c&lt;\/a&gt; auf betterplace.org \u00f6ffnen.<\/iframe><\/div><\/div><\/div><\/div>                                            <\/div>\n                                        <\/div>\n                                    <\/div>\n\t\t\t\t\t\t\t\t\t                        <\/div>\n\n                    <\/div>\n                <\/div>\n\t\t\t\t                <div  class=\"wppb-row-parent  wppb-row-1565982816650 \"  >\n\t\t\t\t\t\n\t\t\t\t\t\t\t\t\t\t\n\t\t\t\t\t\t\t\t\t\t\n\t\t\t\t\t<div class=\"wppb-container \">\n\t\t\t\t\t\t\t\t\t\t\t\t\t\n                        <div class=\"wppb-row\">\n\t\t\t\t\t\t\t                                    <div  class=\"wppb-column-parent wppb-column-parent-view wppb-col-1565982816651  \"  >\n                                        <div class=\"wppb-column\">\n\t\t\t\t\t\n\t\t\t\t\t\t\t\t\t\t\t\n                                            <div class=\"wppb-builder-addons\">\n\t\t\t\t\t\t\t\t\t\t\t\t<div class='wppb-builder-addon wppb-addon-1565982816652'  data-addon-id='1565982816652'><div class='wppb-addon'><div class=\"wppb-text-block-addon\"><div class=\"wppb-text-block-content 0\"><p><span style=\"font-family: verdana,geneva,sans-serif; font-size: 18pt;\">Geldspenden<\/span><\/p><p><span style=\"font-family: verdana,geneva,sans-serif; font-size: 18pt;\">\u00a0<\/span><\/p><p><span style=\"font: 400 14pt\/22.28px verdana,geneva,sans-serif; text-align: left; color: #000000; text-transform: none; text-indent: 0px; letter-spacing: normal; text-decoration: none; word-spacing: 0px; display: inline !important; white-space: normal; orphans: 2; font-size-adjust: none; font-stretch: 100%; float: none; -webkit-text-stroke-width: 0px; background-color: transparent;\" data-mce-fragment=\"1\">Geldspenden sind f\u00fcr die Kastrationsprojekte aber auch f\u00fcr verletzte und kranke Tiere, die tier\u00e4rztliche Versorgung brauchen. Auch die Katzen an unseren Futterstellen werden von uns tier\u00e4rztlich versorgt, wenn sie krank oder verletzt sind. Jede kleine Spende hilft!<\/span><\/p><p><span style=\"font-family: verdana,geneva,sans-serif; font-size: 14pt;\"><span style=\"font-family: verdana,geneva,sans-serif;\"><span style=\"font-size: x-large;\"><span style=\"color: #b00000;\"><span style=\"font-family: verdana,geneva,sans-serif; font-size: 14pt;\">Sie k\u00f6nnen per \u00dcberweisung oder per Paypal Ihre Spende t\u00e4tigen.<\/span><br \/><span style=\"font-family: verdana,geneva,sans-serif; font-size: 14pt;\">Gern stellen wir Ihnen eine Spendenquittung aus, wenn gew\u00fcnscht, hierzu ben\u00f6tigen wir nur von Ihnen eine Nachricht, siehe Kontakt.<\/span><span style=\"text-align: left; text-transform: none; line-height: 22.28px; text-indent: 0px; letter-spacing: normal; font-style: normal; font-variant: normal; font-weight: 400; text-decoration: none; word-spacing: 0px; display: inline !important; white-space: normal; orphans: 2; font-size-adjust: none; font-stretch: 100%; float: none; -webkit-text-stroke-width: 0px; background-color: transparent;\" data-mce-fragment=\"1\"><br \/>\u00a0<\/span><\/span><\/span><\/span><\/span><\/p><\/div><\/div><\/div><\/div>                                            <\/div>\n                                        <\/div>\n                                    <\/div>\n\t\t\t\t\t\t\t\t\t                                    <div  class=\"wppb-column-parent wppb-column-parent-view wppb-col-1565982817953  \"  >\n                                        <div class=\"wppb-column\">\n\t\t\t\t\t\n\t\t\t\t\t\t\t\t\t\t\t\n                                            <div class=\"wppb-builder-addons\">\n\t\t\t\t\t\t\t\t\t\t\t\t<div class='wppb-builder-addon wppb-addon-1565983569363'  data-addon-id='1565983569363'><div class='wppb-addon'><div class=\"wppb-text-block-addon\"><div class=\"wppb-text-block-content 0\"><p><span style=\"font-family: verdana,geneva,sans-serif; font-size: 18pt;\">Spendenkonto<\/span><\/p><p><span style=\"font-family: verdana,geneva,sans-serif; font-size: 14pt;\">Tierfreunde im Fl\u00e4ming e.V.<\/span><\/p><p><span style=\"font-family: verdana,geneva,sans-serif; font-size: 14pt;\">Mittelbrandenburgische Sparkasse<br \/>IBAN: DE02 1605 0000 3660 0082 05<\/span><\/p><p><span style=\"font-family: verdana,geneva,sans-serif; font-size: 14pt;\">BIC\u00a0 : WELADED1PMB<\/span><\/p><p><span style=\"font-family: verdana,geneva,sans-serif; font-size: 14pt;\">oder per PAYPAL<\/span><\/p><p><span style=\"font-family: verdana,geneva,sans-serif; font-size: 14pt;\">info@tierfreunde-flaeming.de<\/span><\/p><\/div><\/div><\/div><\/div>                                            <\/div>\n                                        <\/div>\n                                    <\/div>\n\t\t\t\t\t\t\t\t\t                        <\/div>\n\n                    <\/div>\n                <\/div>\n\t\t\t\t<\/div>","protected":false},"excerpt":{"rendered":"<p>Unterst\u00fctzung Es gibt viele M\u00f6glichkeiten, unseren Verein zu helfen.Und so geht das !!! Gooding &#8211; Der einfachste Weg!Es entstehen keine Kosten und man muss sich dort auch nicht registrieren, sondern kann Gooding ganz einfach als Gast nutzen.Bei Eink\u00e4ufen \u00fcber Onlineshops, einfach \u00fcber Gooding gehen und seinen Shop aussuchen und dort f\u00fcr sich oder seine Lieben [&hellip;]<\/p>\n","protected":false},"author":1,"featured_media":0,"parent":0,"menu_order":0,"comment_status":"closed","ping_status":"closed","template":"templates\/builder-fullwidth-std.php","meta":[],"_links":{"self":[{"href":"https:\/\/www.tierfreunde-flaeming.de\/index.php?rest_route=\/wp\/v2\/pages\/2085"}],"collection":[{"href":"https:\/\/www.tierfreunde-flaeming.de\/index.php?rest_route=\/wp\/v2\/pages"}],"about":[{"href":"https:\/\/www.tierfreunde-flaeming.de\/index.php?rest_route=\/wp\/v2\/types\/page"}],"author":[{"embeddable":true,"href":"https:\/\/www.tierfreunde-flaeming.de\/index.php?rest_route=\/wp\/v2\/users\/1"}],"replies":[{"embeddable":true,"href":"https:\/\/www.tierfreunde-flaeming.de\/index.php?rest_route=%2Fwp%2Fv2%2Fcomments&post=2085"}],"version-history":[{"count":4,"href":"https:\/\/www.tierfreunde-flaeming.de\/index.php?rest_route=\/wp\/v2\/pages\/2085\/revisions"}],"predecessor-version":[{"id":2645,"href":"https:\/\/www.tierfreunde-flaeming.de\/index.php?rest_route=\/wp\/v2\/pages\/2085\/revisions\/2645"}],"wp:attachment":[{"href":"https:\/\/www.tierfreunde-flaeming.de\/index.php?rest_route=%2Fwp%2Fv2%2Fmedia&parent=2085"}],"curies":[{"name":"wp","href":"https:\/\/api.w.org\/{rel}","templated":true}]}}